{"id":54,"date":"2022-01-04T11:13:54","date_gmt":"2022-01-04T10:13:54","guid":{"rendered":"http:\/\/34.78.217.170\/wordpress01\/?page_id=54"},"modified":"2022-02-22T12:06:58","modified_gmt":"2022-02-22T11:06:58","slug":"elementor-54","status":"publish","type":"page","link":"https:\/\/www.agriribiomolinara.it\/?page_id=54","title":{"rendered":"Chi siamo"},"content":{"rendered":"\t\t<div data-elementor-type=\"wp-page\" data-elementor-id=\"54\" class=\"elementor elementor-54\" data-elementor-settings=\"[]\">\n\t\t\t\t\t\t\t<div class=\"elementor-section-wrap\">\n\t\t\t\t\t\t\t<section class=\"elementor-section elementor-top-section elementor-element elementor-element-2034fcc elementor-section-height-min-height elementor-section-boxed elementor-section-height-default elementor-section-items-middle\" data-id=\"2034fcc\" data-element_type=\"section\" data-settings=\"{&quot;background_background&quot;:&quot;classic&quot;}\">\n\t\t\t\t\t\t<div class=\"elementor-container elementor-column-gap-default\">\n\t\t\t\t\t<div class=\"elementor-column elementor-col-100 elementor-top-column elementor-element elementor-element-81a9c54\" data-id=\"81a9c54\" data-element_type=\"column\">\n\t\t\t<div class=\"elementor-widget-wrap elementor-element-populated\">\n\t\t\t\t\t\t\t\t<div class=\"elementor-element elementor-element-1244876 elementor-widget elementor-widget-heading\" data-id=\"1244876\" data-element_type=\"widget\" data-widget_type=\"heading.default\">\n\t\t\t\t<div class=\"elementor-widget-container\">\n\t\t\t<style>\/*! elementor - v3.5.1 - 20-12-2021 *\/\n.elementor-heading-title{padding:0;margin:0;line-height:1}.elementor-widget-heading .elementor-heading-title[class*=elementor-size-]>a{color:inherit;font-size:inherit;line-height:inherit}.elementor-widget-heading .elementor-heading-title.elementor-size-small{font-size:15px}.elementor-widget-heading .elementor-heading-title.elementor-size-medium{font-size:19px}.elementor-widget-heading .elementor-heading-title.elementor-size-large{font-size:29px}.elementor-widget-heading .elementor-heading-title.elementor-size-xl{font-size:39px}.elementor-widget-heading .elementor-heading-title.elementor-size-xxl{font-size:59px}<\/style><h2 class=\"elementor-heading-title elementor-size-default\">Il progetto<\/h2>\t\t<\/div>\n\t\t\t\t<\/div>\n\t\t\t\t\t<\/div>\n\t\t<\/div>\n\t\t\t\t\t\t\t<\/div>\n\t\t<\/section>\n\t\t\t\t<section class=\"elementor-section elementor-top-section elementor-element elementor-element-a86d067 elementor-section-height-min-height elementor-section-boxed elementor-section-height-default elementor-section-items-middle\" data-id=\"a86d067\" data-element_type=\"section\" data-settings=\"{&quot;background_background&quot;:&quot;slideshow&quot;,&quot;background_slideshow_gallery&quot;:[{&quot;id&quot;:132,&quot;url&quot;:&quot;http:\\\/\\\/34.78.217.170\\\/wordpress01\\\/wp-content\\\/uploads\\\/2022\\\/01\\\/Centro_storico_di_Molinara_26535600960-2.jpg&quot;},{&quot;id&quot;:130,&quot;url&quot;:&quot;http:\\\/\\\/34.78.217.170\\\/wordpress01\\\/wp-content\\\/uploads\\\/2022\\\/01\\\/Molinara_-_veduta-2.jpg&quot;},{&quot;id&quot;:87,&quot;url&quot;:&quot;http:\\\/\\\/34.78.217.170\\\/wordpress01\\\/wp-content\\\/uploads\\\/2022\\\/01\\\/cop-belmonte.jpg&quot;}],&quot;background_slideshow_loop&quot;:&quot;yes&quot;,&quot;background_slideshow_slide_duration&quot;:5000,&quot;background_slideshow_slide_transition&quot;:&quot;fade&quot;,&quot;background_slideshow_transition_duration&quot;:500}\">\n\t\t\t\t\t\t<div class=\"elementor-container elementor-column-gap-default\">\n\t\t\t\t\t<div class=\"elementor-column elementor-col-100 elementor-top-column elementor-element elementor-element-d16394d\" data-id=\"d16394d\" data-element_type=\"column\">\n\t\t\t<div class=\"elementor-widget-wrap\">\n\t\t\t\t\t\t\t\t\t<\/div>\n\t\t<\/div>\n\t\t\t\t\t\t\t<\/div>\n\t\t<\/section>\n\t\t\t\t<section class=\"elementor-section elementor-top-section elementor-element elementor-element-d2dfb5e elementor-section-boxed elementor-section-height-default elementor-section-height-default\" data-id=\"d2dfb5e\" data-element_type=\"section\">\n\t\t\t\t\t\t<div class=\"elementor-container elementor-column-gap-default\">\n\t\t\t\t\t<div class=\"elementor-column elementor-col-50 elementor-top-column elementor-element elementor-element-7bcd32a\" data-id=\"7bcd32a\" data-element_type=\"column\">\n\t\t\t<div class=\"elementor-widget-wrap elementor-element-populated\">\n\t\t\t\t\t\t\t\t<div class=\"elementor-element elementor-element-28cf945 elementor-widget elementor-widget-heading\" data-id=\"28cf945\" data-element_type=\"widget\" data-widget_type=\"heading.default\">\n\t\t\t\t<div class=\"elementor-widget-container\">\n\t\t\t<h1 class=\"elementor-heading-title elementor-size-default\">A.G.R.I.RI.BIO<\/h1>\t\t<\/div>\n\t\t\t\t<\/div>\n\t\t\t\t<div class=\"elementor-element elementor-element-8ae262b elementor-widget elementor-widget-text-editor\" data-id=\"8ae262b\" data-element_type=\"widget\" data-widget_type=\"text-editor.default\">\n\t\t\t\t<div class=\"elementor-widget-container\">\n\t\t\t<style>\/*! elementor - v3.5.1 - 20-12-2021 *\/\n.elementor-widget-text-editor.elementor-drop-cap-view-stacked .elementor-drop-cap{background-color:#818a91;color:#fff}.elementor-widget-text-editor.elementor-drop-cap-view-framed .elementor-drop-cap{color:#818a91;border:3px solid;background-color:transparent}.elementor-widget-text-editor:not(.elementor-drop-cap-view-default) .elementor-drop-cap{margin-top:8px}.elementor-widget-text-editor:not(.elementor-drop-cap-view-default) .elementor-drop-cap-letter{width:1em;height:1em}.elementor-widget-text-editor .elementor-drop-cap{float:left;text-align:center;line-height:1;font-size:50px}.elementor-widget-text-editor .elementor-drop-cap-letter{display:inline-block}<\/style>\t\t\t\t<p>Il progetto collettivo persegue l\u2019obiettivo generale di riduzione dell\u2019impatto ambientale in agricoltura. Gli obiettivi specifici mirano alla protezione del suolo agricolo e forestale, dall\u2019erosione; al miglioramento della<br \/>sostanza organica nei suoli ed al mantenimento e recupero del paesaggio rurale.<br \/>Il perseguimento degli obiettivi avverr\u00e0 attraverso, oltre che alla costituzione del partenariato, la<br \/>realizzazione di due tipologie di attivit\u00e0:<br \/>&#8211; redazione di studi di fattibilit\u00e0<br \/>&#8211; animazione territoriale<br \/>In particolare lo studio di fattibilit\u00e0 verter\u00e0 sul dissesto idrogeologico nell\u2019area di progetto e sul territorio comunale.<\/p>\t\t\t\t\t\t<\/div>\n\t\t\t\t<\/div>\n\t\t\t\t\t<\/div>\n\t\t<\/div>\n\t\t\t\t<div class=\"elementor-column elementor-col-50 elementor-top-column elementor-element elementor-element-e90de48\" data-id=\"e90de48\" data-element_type=\"column\">\n\t\t\t<div class=\"elementor-widget-wrap elementor-element-populated\">\n\t\t\t\t\t\t\t\t<div class=\"elementor-element elementor-element-fcc76bf elementor-widget elementor-widget-image\" data-id=\"fcc76bf\" data-element_type=\"widget\" data-widget_type=\"image.default\">\n\t\t\t\t<div class=\"elementor-widget-container\">\n\t\t\t<style>\/*! elementor - v3.5.1 - 20-12-2021 *\/\n.elementor-widget-image{text-align:center}.elementor-widget-image a{display:inline-block}.elementor-widget-image a img[src$=\".svg\"]{width:48px}.elementor-widget-image img{vertical-align:middle;display:inline-block}<\/style>\t\t\t\t\t\t\t\t\t\t\t\t<img loading=\"lazy\" decoding=\"async\" width=\"725\" height=\"483\" src=\"https:\/\/www.agriribiomolinara.it\/wp-content\/uploads\/2022\/01\/Terre-di-MolinaraOlio-725x483-1.jpg\" class=\"attachment-1536x1536 size-1536x1536\" alt=\"\" \/>\t\t\t\t\t\t\t\t\t\t\t\t\t\t\t<\/div>\n\t\t\t\t<\/div>\n\t\t\t\t\t<\/div>\n\t\t<\/div>\n\t\t\t\t\t\t\t<\/div>\n\t\t<\/section>\n\t\t\t\t<section class=\"elementor-section elementor-top-section elementor-element elementor-element-2fef3cc elementor-section-boxed elementor-section-height-default elementor-section-height-default\" data-id=\"2fef3cc\" data-element_type=\"section\">\n\t\t\t\t\t\t<div class=\"elementor-container elementor-column-gap-default\">\n\t\t\t\t\t<div class=\"elementor-column elementor-col-50 elementor-top-column elementor-element elementor-element-2640781\" data-id=\"2640781\" data-element_type=\"column\">\n\t\t\t<div class=\"elementor-widget-wrap elementor-element-populated\">\n\t\t\t\t\t\t\t\t<div class=\"elementor-element elementor-element-81598dd elementor-widget elementor-widget-image\" data-id=\"81598dd\" data-element_type=\"widget\" data-widget_type=\"image.default\">\n\t\t\t\t<div class=\"elementor-widget-container\">\n\t\t\t\t\t\t\t\t\t\t\t\t\t\t\t<img loading=\"lazy\" decoding=\"async\" width=\"1024\" height=\"538\" src=\"https:\/\/www.agriribiomolinara.it\/wp-content\/uploads\/2022\/01\/cop-belmonte.jpg\" class=\"attachment-large size-large\" alt=\"\" \/>\t\t\t\t\t\t\t\t\t\t\t\t\t\t\t<\/div>\n\t\t\t\t<\/div>\n\t\t\t\t\t<\/div>\n\t\t<\/div>\n\t\t\t\t<div class=\"elementor-column elementor-col-50 elementor-top-column elementor-element elementor-element-152fa43\" data-id=\"152fa43\" data-element_type=\"column\">\n\t\t\t<div class=\"elementor-widget-wrap elementor-element-populated\">\n\t\t\t\t\t\t\t\t<div class=\"elementor-element elementor-element-f659b09 elementor-widget elementor-widget-text-editor\" data-id=\"f659b09\" data-element_type=\"widget\" data-widget_type=\"text-editor.default\">\n\t\t\t\t<div class=\"elementor-widget-container\">\n\t\t\t\t\t\t\t<p><span style=\"color: var( --e-global-color-text ); font-family: var( --e-global-typography-text-font-family ), Sans-serif; font-weight: var( --e-global-typography-text-font-weight ); background-color: var(--nv-site-bg); font-size: var(--bodyFontSize); letter-spacing: var(--bodyLetterSpacing); text-transform: var(--bodyTextTransform);\">Lo studio ha l\u2019obiettivo di analizzare il territorio di riferimento, le sue caratteristiche geopedologiche, le essenze botaniche autoctone e definire le pi\u00f9 opportune modalit\u00e0 di intervento con l\u2019ingegneria naturalistica. L\u2019output di progetto sar\u00e0 la redazione di linee guida per il territorio analizzato, introducendo anche modalit\u00e0 innovative di intervento rispetto alle tecniche standard di ingegneria\u00a0<\/span><span style=\"color: var( --e-global-color-text ); font-family: var( --e-global-typography-text-font-family ), Sans-serif; font-weight: var( --e-global-typography-text-font-weight ); background-color: var(--nv-site-bg); font-size: var(--bodyFontSize); letter-spacing: var(--bodyLetterSpacing); text-transform: var(--bodyTextTransform);\">naturalistica \u201cda manuale\u201d , che spesso, forniscono indicazioni sull\u2019uso di essenze vegetali non legate alla biodiversit\u00e0 del territorio di riferimento.<\/span><\/p>\t\t\t\t\t\t<\/div>\n\t\t\t\t<\/div>\n\t\t\t\t\t<\/div>\n\t\t<\/div>\n\t\t\t\t\t\t\t<\/div>\n\t\t<\/section>\n\t\t\t\t<section class=\"elementor-section elementor-top-section elementor-element elementor-element-841cbe4 elementor-section-boxed elementor-section-height-default elementor-section-height-default\" data-id=\"841cbe4\" data-element_type=\"section\">\n\t\t\t\t\t\t<div class=\"elementor-container elementor-column-gap-default\">\n\t\t\t\t\t<div class=\"elementor-column elementor-col-50 elementor-top-column elementor-element elementor-element-d995d75\" data-id=\"d995d75\" data-element_type=\"column\">\n\t\t\t<div class=\"elementor-widget-wrap elementor-element-populated\">\n\t\t\t\t\t\t\t\t<div class=\"elementor-element elementor-element-0dd6e1e elementor-widget elementor-widget-text-editor\" data-id=\"0dd6e1e\" data-element_type=\"widget\" data-widget_type=\"text-editor.default\">\n\t\t\t\t<div class=\"elementor-widget-container\">\n\t\t\t\t\t\t\t<p><span style=\"color: var( --e-global-color-text ); font-family: var( --e-global-typography-text-font-family ), Sans-serif; font-weight: var( --e-global-typography-text-font-weight ); font-size: var(--bodyFontSize); letter-spacing: var(--bodyLetterSpacing); text-transform: var(--bodyTextTransform); background-color: var(--nv-site-bg);\">Inoltre, nell\u2019ambito delle attivit\u00e0 di ricerca si avvier\u00e0 la realizzazione di un progetto, che potr\u00e0 anche essere sviluppato a valere sul bando della misura 10.2.1.&nbsp;<\/span><span style=\"color: var( --e-global-color-text ); font-family: var( --e-global-typography-text-font-family ), Sans-serif; font-weight: var( --e-global-typography-text-font-weight ); font-size: var(--bodyFontSize); letter-spacing: var(--bodyLetterSpacing); text-transform: var(--bodyTextTransform); background-color: var(--nv-site-bg);\">Le attivit\u00e0 di animazione territoriale, rispondono a due obiettivi specifici:<\/span><\/p>\n<p>&#8211; determinare la fattiva partecipazione delle aziende agricole e degli altri stakeholder in tutte le fasi&nbsp; di sviluppo degli studi e dei progetti, grazie all\u2019utilizzo di metodologie e di strumenti per la progettazione partecipata;<br>&#8211; innalzare il livello di consapevolezza delle aziende agricole e del territorio sulla necessit\u00e0 di sviluppare modelli operativi e di gestione dei suoli agricoli, del territorio e del paesaggio rurale, di tipo sostenibile, affinch\u00e9 le attivit\u00e0 non comportino un danno all\u2019ambiente con conseguente aumento dei dissesti idrogeologici e perdita di valore del paesaggio agrario;<br>innescare un circolo virtuoso di sviluppo che riesca a coniugare l\u2019attivit\u00e0 agricola, con attivit\u00e0 compatibili e complementari, quali il turismo lento e sostenibile, e porti ad un incremento del reddito d\u2019impresa, con contrasto dell\u2019abbandono dell\u2019agricoltura e alla desertificazione sociale.<br><\/p>\t\t\t\t\t\t<\/div>\n\t\t\t\t<\/div>\n\t\t\t\t\t<\/div>\n\t\t<\/div>\n\t\t\t\t<div class=\"elementor-column elementor-col-50 elementor-top-column elementor-element elementor-element-c2f0273\" data-id=\"c2f0273\" data-element_type=\"column\">\n\t\t\t<div class=\"elementor-widget-wrap elementor-element-populated\">\n\t\t\t\t\t\t\t\t<div class=\"elementor-element elementor-element-6138074 elementor-widget elementor-widget-image\" data-id=\"6138074\" data-element_type=\"widget\" data-widget_type=\"image.default\">\n\t\t\t\t<div class=\"elementor-widget-container\">\n\t\t\t\t\t\t\t\t\t\t\t\t\t\t\t<img loading=\"lazy\" decoding=\"async\" width=\"1024\" height=\"768\" src=\"https:\/\/www.agriribiomolinara.it\/wp-content\/uploads\/2022\/01\/Molinara_-_veduta-2.jpg\" class=\"attachment-large size-large\" alt=\"\" \/>\t\t\t\t\t\t\t\t\t\t\t\t\t\t\t<\/div>\n\t\t\t\t<\/div>\n\t\t\t\t\t<\/div>\n\t\t<\/div>\n\t\t\t\t\t\t\t<\/div>\n\t\t<\/section>\n\t\t\t\t\t\t<\/div>\n\t\t\t\t\t<\/div>\n\t\t","protected":false},"excerpt":{"rendered":"<p>Il progetto A.G.R.I.RI.BIO Il progetto collettivo persegue l\u2019obiettivo generale di riduzione dell\u2019impatto ambientale in agricoltura. Gli obiettivi specifici mirano alla protezione del suolo agricolo e forestale, dall\u2019erosione; al miglioramento dellasostanza organica nei suoli ed al mantenimento e recupero del paesaggio rurale.Il perseguimento degli obiettivi avverr\u00e0 attraverso, oltre che alla costituzione del partenariato, larealizzazione di due&hellip;&nbsp;<a href=\"https:\/\/www.agriribiomolinara.it\/?page_id=54\" class=\"\" rel=\"bookmark\">Leggi tutto &raquo;<span class=\"screen-reader-text\">Chi siamo<\/span><\/a><\/p>\n","protected":false},"author":2,"featured_media":0,"parent":0,"menu_order":0,"comment_status":"closed","ping_status":"closed","template":"page-templates\/template-pagebuilder-full-width.php","meta":{"neve_meta_sidebar":"","neve_meta_container":"","neve_meta_enable_content_width":"","neve_meta_content_width":0,"neve_meta_title_alignment":"","neve_meta_author_avatar":"","neve_post_elements_order":"","neve_meta_disable_header":"","neve_meta_disable_footer":"","neve_meta_disable_title":"","footnotes":""},"class_list":["post-54","page","type-page","status-publish","hentry"],"_links":{"self":[{"href":"https:\/\/www.agriribiomolinara.it\/index.php?rest_route=\/wp\/v2\/pages\/54","targetHints":{"allow":["GET"]}}],"collection":[{"href":"https:\/\/www.agriribiomolinara.it\/index.php?rest_route=\/wp\/v2\/pages"}],"about":[{"href":"https:\/\/www.agriribiomolinara.it\/index.php?rest_route=\/wp\/v2\/types\/page"}],"author":[{"embeddable":true,"href":"https:\/\/www.agriribiomolinara.it\/index.php?rest_route=\/wp\/v2\/users\/2"}],"replies":[{"embeddable":true,"href":"https:\/\/www.agriribiomolinara.it\/index.php?rest_route=%2Fwp%2Fv2%2Fcomments&post=54"}],"version-history":[{"count":19,"href":"https:\/\/www.agriribiomolinara.it\/index.php?rest_route=\/wp\/v2\/pages\/54\/revisions"}],"predecessor-version":[{"id":190,"href":"https:\/\/www.agriribiomolinara.it\/index.php?rest_route=\/wp\/v2\/pages\/54\/revisions\/190"}],"wp:attachment":[{"href":"https:\/\/www.agriribiomolinara.it\/index.php?rest_route=%2Fwp%2Fv2%2Fmedia&parent=54"}],"curies":[{"name":"wp","href":"https:\/\/api.w.org\/{rel}","templated":true}]}}